{"id":571,"date":"2021-04-30T12:38:20","date_gmt":"2021-04-30T12:38:20","guid":{"rendered":"http:\/\/demo.picosdeaventura.com\/?page_id=571"},"modified":"2022-01-13T15:25:37","modified_gmt":"2022-01-13T15:25:37","slug":"mar","status":"publish","type":"page","link":"https:\/\/picosdeaventura.com\/en\/mar\/","title":{"rendered":"Sea"},"content":{"rendered":"<div data-elementor-type=\"wp-page\" data-elementor-id=\"571\" class=\"elementor elementor-571\">\n\t\t\t\t\t\t<div class=\"elementor-inner\">\n\t\t\t\t<div class=\"elementor-section-wrap\">\n\t\t\t\t\t\t\t\t\t<section class=\"elementor-section elementor-top-section elementor-element elementor-element-a985809 elementor-section-full_width elementor-section-height-min-height elementor-section-height-default elementor-section-items-middle\" data-id=\"a985809\" data-element_type=\"section\" data-settings=\"{&quot;background_background&quot;:&quot;slideshow&quot;,&quot;background_slideshow_gallery&quot;:[{&quot;id&quot;:795,&quot;url&quot;:&quot;https:\\\/\\\/picosdeaventura.com\\\/wp-content\\\/uploads\\\/2017\\\/07\\\/116714212_3367650839922414_6448158579300219927_o.jpg&quot;},{&quot;id&quot;:1707,&quot;url&quot;:&quot;https:\\\/\\\/picosdeaventura.com\\\/wp-content\\\/uploads\\\/2021\\\/05\\\/WhaleWatching_PicosdeAventura.jpg&quot;},{&quot;id&quot;:1701,&quot;url&quot;:&quot;https:\\\/\\\/picosdeaventura.com\\\/wp-content\\\/uploads\\\/2021\\\/05\\\/CatamaranIlhasDeBruma_PicosdeAventura.jpg&quot;},{&quot;id&quot;:989,&quot;url&quot;:&quot;https:\\\/\\\/picosdeaventura.com\\\/wp-content\\\/uploads\\\/2017\\\/07\\\/bruno-Sampaio-2.jpg&quot;}],&quot;background_slideshow_ken_burns&quot;:&quot;yes&quot;,&quot;background_slideshow_loop&quot;:&quot;yes&quot;,&quot;background_slideshow_slide_duration&quot;:5000,&quot;background_slideshow_slide_transition&quot;:&quot;fade&quot;,&quot;background_slideshow_transition_duration&quot;:500,&quot;background_slideshow_ken_burns_zoom_direction&quot;:&quot;in&quot;}\">\n\t\t\t\t\t\t<div class=\"elementor-container elementor-column-gap-default\">\n\t\t\t\t\t\t\t<div class=\"elementor-row\">\n\t\t\t\t\t<div class=\"elementor-column elementor-col-100 elementor-top-column elementor-element elementor-element-442b0a4\" data-id=\"442b0a4\" data-element_type=\"column\">\n\t\t\t<div class=\"elementor-column-wrap elementor-element-populated\">\n\t\t\t\t\t\t\t<div class=\"elementor-widget-wrap\">\n\t\t\t\t\t\t<div class=\"elementor-element elementor-element-17f09cd elementor-widget elementor-widget-heading\" data-id=\"17f09cd\" data-element_type=\"widget\" data-widget_type=\"heading.default\">\n\t\t\t\t<div class=\"elementor-widget-container\">\n\t\t\t<h2 class=\"elementor-heading-title elementor-size-default\">Exciting experiences in the Azorean Sea<\/h2>\t\t<\/div>\n\t\t\t\t<\/div>\n\t\t\t\t\t\t<\/div>\n\t\t\t\t\t<\/div>\n\t\t<\/div>\n\t\t\t\t\t\t\t\t<\/div>\n\t\t\t\t\t<\/div>\n\t\t<\/section>\n\t\t\t\t<section class=\"elementor-section elementor-top-section elementor-element elementor-element-2526ece elementor-section-boxed elementor-section-height-default elementor-section-height-default\" data-id=\"2526ece\" data-element_type=\"section\" data-settings=\"{&quot;background_background&quot;:&quot;classic&quot;}\">\n\t\t\t\t\t\t<div class=\"elementor-container elementor-column-gap-default\">\n\t\t\t\t\t\t\t<div class=\"elementor-row\">\n\t\t\t\t\t<div class=\"elementor-column elementor-col-100 elementor-top-column elementor-element elementor-element-66b43ac\" data-id=\"66b43ac\" data-element_type=\"column\">\n\t\t\t<div class=\"elementor-column-wrap elementor-element-populated\">\n\t\t\t\t\t\t\t<div class=\"elementor-widget-wrap\">\n\t\t\t\t\t\t<div class=\"elementor-element elementor-element-75bb826 elementor-widget elementor-widget-heading\" data-id=\"75bb826\" data-element_type=\"widget\" data-widget_type=\"heading.default\">\n\t\t\t\t<div class=\"elementor-widget-container\">\n\t\t\t<h2 class=\"elementor-heading-title elementor-size-default\">ADVENTURE IN NATURE\n<\/h2>\t\t<\/div>\n\t\t\t\t<\/div>\n\t\t\t\t<div class=\"elementor-element elementor-element-e49ce1e elementor-widget elementor-widget-text-editor\" data-id=\"e49ce1e\" data-element_type=\"widget\" data-widget_type=\"text-editor.default\">\n\t\t\t\t<div class=\"elementor-widget-container\">\n\t\t\t\t\t\t\t\t<div class=\"elementor-text-editor elementor-clearfix\">\n\t\t\t\t<p><span style=\"font-weight: 400;\">Did you know that the Azores are considered one of the largest cetacean sanctuaries in the world? Throughout the year it is possible to see about 27 different species of animals. Several species of whales, sperm whales and dolphins live here. Our sea activities are always carried out with respect for animals and the surrounding environment and in the company of a professional team of biologists, skippers and lookouts. Our success rate for sightings per exit is 99%.<\/span><\/p>\t\t\t\t\t<\/div>\n\t\t\t\t\t\t<\/div>\n\t\t\t\t<\/div>\n\t\t\t\t<div class=\"elementor-element elementor-element-693d330 elementor-widget elementor-widget-themo-tour-grid\" data-id=\"693d330\" data-element_type=\"widget\" data-widget_type=\"themo-tour-grid.default\">\n\t\t\t\t<div class=\"elementor-widget-container\">\n\t\t\t\n                <div id=\"th-portfolio-content-69e769eb04e63\" class=\"th-portfolio\">\n\n            \n            <div id=\"th-portfolio-row\" class=\"th-portfolio-row row portfolio_content  three-columns th-port-gutter\">\n\n                                        <div id=\"post-27\" class=\"th-portfolio-item item col-md-4 col-sm-6 p-mar post-27 themo_tour type-themo_tour status-publish format-standard has-post-thumbnail hentry themo_tour_type-mar\">\n                            <div class=\"th-port-wrap\">\n                                <img loading=\"lazy\" decoding=\"async\" width=\"605\" height=\"605\" src=\"https:\/\/picosdeaventura.com\/wp-content\/uploads\/2017\/07\/baleias-e-golfinhos.jpeg-605x605.jpg\" class=\"img-responsive th-port-img wp-post-image\" alt=\"Observa\u00e7\u00e3o de Baleias e Golfinhos\" title=\"\">\n                                <div class=\"th-port-overlay\"><\/div>\n                                <div class=\"th-port-inner\">\n                                                                        <div class=\"th-port-center\">\n                                        <h3 class=\"th-port-title\">Whale and Dolphin Watching Tour<\/h3>\n                                        <p class=\"th-port-sub\">From 65\u20ac per adult<\/p>                                                                                    <span class=\"th-port-btn\">See the tour<\/span>\n                                                                            <\/div>\n                                    <a href=\"https:\/\/picosdeaventura.com\/en\/tour\/observacao-de-baleias-e-golfinhos\/\" class=\"th-port-link\" ><\/a>                                <\/div>\n                            <\/div>\n                        <\/div>\n                                                <div id=\"post-598\" class=\"th-portfolio-item item col-md-4 col-sm-6 p-mar post-598 themo_tour type-themo_tour status-publish format-standard has-post-thumbnail hentry themo_tour_type-mar\">\n                            <div class=\"th-port-wrap\">\n                                <img loading=\"lazy\" decoding=\"async\" width=\"605\" height=\"605\" src=\"https:\/\/picosdeaventura.com\/wp-content\/uploads\/2021\/04\/natacao-com-golfinhos.jpeg-605x605.jpg\" class=\"img-responsive th-port-img wp-post-image\" alt=\"Nata\u00e7\u00e3o com Golfinhos\" title=\"\">\n                                <div class=\"th-port-overlay\"><\/div>\n                                <div class=\"th-port-inner\">\n                                                                        <div class=\"th-port-center\">\n                                        <h3 class=\"th-port-title\">Swimming with Dolphins<\/h3>\n                                        <p class=\"th-port-sub\">From 80\u20ac per Adult<\/p>                                                                                    <span class=\"th-port-btn\">See the tour<\/span>\n                                                                            <\/div>\n                                    <a href=\"https:\/\/picosdeaventura.com\/en\/tour\/natacao-com-golfinhos\/\" class=\"th-port-link\" ><\/a>                                <\/div>\n                            <\/div>\n                        <\/div>\n                                                <div id=\"post-600\" class=\"th-portfolio-item item col-md-4 col-sm-6 p-mar post-600 themo_tour type-themo_tour status-publish format-standard has-post-thumbnail hentry themo_tour_type-mar\">\n                            <div class=\"th-port-wrap\">\n                                <img loading=\"lazy\" decoding=\"async\" width=\"605\" height=\"605\" src=\"https:\/\/picosdeaventura.com\/wp-content\/uploads\/2021\/04\/experiencia-de-mar.jpeg-605x605.jpg\" class=\"img-responsive th-port-img wp-post-image\" alt=\"Experi\u00eancia de Mar\" title=\"\">\n                                <div class=\"th-port-overlay\"><\/div>\n                                <div class=\"th-port-inner\">\n                                                                        <div class=\"th-port-center\">\n                                        <h3 class=\"th-port-title\">Sea Experience<\/h3>\n                                        <p class=\"th-port-sub\">A partir de 205\u20ac por adulto<\/p>                                                                                    <span class=\"th-port-btn\">See the tour<\/span>\n                                                                            <\/div>\n                                    <a href=\"https:\/\/picosdeaventura.com\/en\/tour\/experiencia-de-mar\/\" class=\"th-port-link\" ><\/a>                                <\/div>\n                            <\/div>\n                        <\/div>\n                        \n            <\/div>\n\n        <\/div>\n\n        \t\t<\/div>\n\t\t\t\t<\/div>\n\t\t\t\t<div class=\"elementor-element elementor-element-15be10e elementor-widget elementor-widget-spacer\" data-id=\"15be10e\" data-element_type=\"widget\" data-widget_type=\"spacer.default\">\n\t\t\t\t<div class=\"elementor-widget-container\">\n\t\t\t\t\t<div class=\"elementor-spacer\">\n\t\t\t<div class=\"elementor-spacer-inner\"><\/div>\n\t\t<\/div>\n\t\t\t\t<\/div>\n\t\t\t\t<\/div>\n\t\t\t\t\t\t<\/div>\n\t\t\t\t\t<\/div>\n\t\t<\/div>\n\t\t\t\t\t\t\t\t<\/div>\n\t\t\t\t\t<\/div>\n\t\t<\/section>\n\t\t\t\t<section class=\"elementor-section elementor-top-section elementor-element elementor-element-ccfa753 elementor-section-boxed elementor-section-height-default elementor-section-height-default\" data-id=\"ccfa753\" data-element_type=\"section\">\n\t\t\t\t\t\t<div class=\"elementor-container elementor-column-gap-default\">\n\t\t\t\t\t\t\t<div class=\"elementor-row\">\n\t\t\t\t\t<div class=\"elementor-column elementor-col-100 elementor-top-column elementor-element elementor-element-c30be06\" data-id=\"c30be06\" data-element_type=\"column\">\n\t\t\t<div class=\"elementor-column-wrap elementor-element-populated\">\n\t\t\t\t\t\t\t<div class=\"elementor-widget-wrap\">\n\t\t\t\t\t\t<div class=\"elementor-element elementor-element-8125e11 elementor-widget elementor-widget-heading\" data-id=\"8125e11\" data-element_type=\"widget\" data-widget_type=\"heading.default\">\n\t\t\t\t<div class=\"elementor-widget-container\">\n\t\t\t<h2 class=\"elementor-heading-title elementor-size-default\">EXPLORE THE AZOREAN SEA<\/h2>\t\t<\/div>\n\t\t\t\t<\/div>\n\t\t\t\t<div class=\"elementor-element elementor-element-e1f27f4 elementor-widget elementor-widget-text-editor\" data-id=\"e1f27f4\" data-element_type=\"widget\" data-widget_type=\"text-editor.default\">\n\t\t\t\t<div class=\"elementor-widget-container\">\n\t\t\t\t\t\t\t\t<div class=\"elementor-text-editor elementor-clearfix\">\n\t\t\t\t<p><span style=\"font-weight: 400;\">Dive with us in the deep blue sea of \u200b\u200bthe Azores, rich in biodiversity and wild nature. Venture out and imagine yourself being side by side, floating in our vast ocean, surrounded by a group of dolphins and admiring all the surrounding nature.<\/span><\/p><p><span style=\"font-weight: 400;\">The Azorean sea is also a scenario of choice for big game fishing enthusiasts, a challenge for sport fishermen who can catch a marlin, shark or tuna.<\/span><\/p>\t\t\t\t\t<\/div>\n\t\t\t\t\t\t<\/div>\n\t\t\t\t<\/div>\n\t\t\t\t<div class=\"elementor-element elementor-element-60a5614 elementor-widget elementor-widget-themo-tour-grid\" data-id=\"60a5614\" data-element_type=\"widget\" data-widget_type=\"themo-tour-grid.default\">\n\t\t\t\t<div class=\"elementor-widget-container\">\n\t\t\t\n                <div id=\"th-portfolio-content-69e769eb15780\" class=\"th-portfolio\">\n\n            \n            <div id=\"th-portfolio-row\" class=\"th-portfolio-row row portfolio_content  three-columns th-port-gutter\">\n\n                                        <div id=\"post-602\" class=\"th-portfolio-item item col-md-4 col-sm-6 p-mar post-602 themo_tour type-themo_tour status-publish format-standard has-post-thumbnail hentry themo_tour_type-mar\">\n                            <div class=\"th-port-wrap\">\n                                <img loading=\"lazy\" decoding=\"async\" width=\"605\" height=\"605\" src=\"https:\/\/picosdeaventura.com\/wp-content\/uploads\/2021\/04\/snorkeling.jpeg-3-605x605.jpg\" class=\"img-responsive th-port-img wp-post-image\" alt=\"Snorkeling\" title=\"\">\n                                <div class=\"th-port-overlay\"><\/div>\n                                <div class=\"th-port-inner\">\n                                                                        <div class=\"th-port-center\">\n                                        <h3 class=\"th-port-title\">Snorkeling na Ilha Terceira<\/h3>\n                                        <p class=\"th-port-sub\">From 35\u20ac per adult<\/p>                                                                                    <span class=\"th-port-btn\">See the tour<\/span>\n                                                                            <\/div>\n                                    <a href=\"https:\/\/picosdeaventura.com\/en\/tour\/snorkeling\/\" class=\"th-port-link\" ><\/a>                                <\/div>\n                            <\/div>\n                        <\/div>\n                                                <div id=\"post-837\" class=\"th-portfolio-item item col-md-4 col-sm-6 p-mar post-837 themo_tour type-themo_tour status-publish format-standard has-post-thumbnail hentry themo_tour_type-mar\">\n                            <div class=\"th-port-wrap\">\n                                <img loading=\"lazy\" decoding=\"async\" width=\"605\" height=\"605\" src=\"https:\/\/picosdeaventura.com\/wp-content\/uploads\/2021\/05\/mergulho.jpeg-605x605.jpg\" class=\"img-responsive th-port-img wp-post-image\" alt=\"Mergulho em Ponta Delgada\" title=\"\">\n                                <div class=\"th-port-overlay\"><\/div>\n                                <div class=\"th-port-inner\">\n                                                                        <div class=\"th-port-center\">\n                                        <h3 class=\"th-port-title\">Diving in Ponta Delgada<\/h3>\n                                        <p class=\"th-port-sub\">A partir de 55\u20ac adulto<\/p>                                                                                    <span class=\"th-port-btn\">See the tour<\/span>\n                                                                            <\/div>\n                                    <a href=\"https:\/\/picosdeaventura.com\/en\/tour\/mergulho\/\" class=\"th-port-link\" ><\/a>                                <\/div>\n                            <\/div>\n                        <\/div>\n                                                <div id=\"post-841\" class=\"th-portfolio-item item col-md-4 col-sm-6 p-mar post-841 themo_tour type-themo_tour status-publish format-standard has-post-thumbnail hentry themo_tour_type-mar\">\n                            <div class=\"th-port-wrap\">\n                                <img loading=\"lazy\" decoding=\"async\" width=\"605\" height=\"605\" src=\"https:\/\/picosdeaventura.com\/wp-content\/uploads\/2021\/05\/pesca-desportiva.jpeg-605x605.jpg\" class=\"img-responsive th-port-img wp-post-image\" alt=\"Pesca Desportiva\" title=\"\">\n                                <div class=\"th-port-overlay\"><\/div>\n                                <div class=\"th-port-inner\">\n                                                                        <div class=\"th-port-center\">\n                                        <h3 class=\"th-port-title\">Sport-Fishing in Ponta Delgada<\/h3>\n                                        <p class=\"th-port-sub\">A partir de 400\u20ac<\/p>                                                                                    <span class=\"th-port-btn\">See the tour<\/span>\n                                                                            <\/div>\n                                    <a href=\"https:\/\/picosdeaventura.com\/en\/tour\/pesca-desportiva\/\" class=\"th-port-link\" ><\/a>                                <\/div>\n                            <\/div>\n                        <\/div>\n                        \n            <\/div>\n\n        <\/div>\n\n        \t\t<\/div>\n\t\t\t\t<\/div>\n\t\t\t\t\t\t<\/div>\n\t\t\t\t\t<\/div>\n\t\t<\/div>\n\t\t\t\t\t\t\t\t<\/div>\n\t\t\t\t\t<\/div>\n\t\t<\/section>\n\t\t\t\t<section class=\"elementor-section elementor-top-section elementor-element elementor-element-dc0bb3b elementor-section-boxed elementor-section-height-default elementor-section-height-default\" data-id=\"dc0bb3b\" data-element_type=\"section\">\n\t\t\t\t\t\t<div class=\"elementor-container elementor-column-gap-default\">\n\t\t\t\t\t\t\t<div class=\"elementor-row\">\n\t\t\t\t\t<div class=\"elementor-column elementor-col-100 elementor-top-column elementor-element elementor-element-dc67e1c\" data-id=\"dc67e1c\" data-element_type=\"column\">\n\t\t\t<div class=\"elementor-column-wrap elementor-element-populated\">\n\t\t\t\t\t\t\t<div class=\"elementor-widget-wrap\">\n\t\t\t\t\t\t<div class=\"elementor-element elementor-element-5bf830b elementor-widget elementor-widget-spacer\" data-id=\"5bf830b\" data-element_type=\"widget\" data-widget_type=\"spacer.default\">\n\t\t\t\t<div class=\"elementor-widget-container\">\n\t\t\t\t\t<div class=\"elementor-spacer\">\n\t\t\t<div class=\"elementor-spacer-inner\"><\/div>\n\t\t<\/div>\n\t\t\t\t<\/div>\n\t\t\t\t<\/div>\n\t\t\t\t\t\t<\/div>\n\t\t\t\t\t<\/div>\n\t\t<\/div>\n\t\t\t\t\t\t\t\t<\/div>\n\t\t\t\t\t<\/div>\n\t\t<\/section>\n\t\t\t\t\t\t\t\t\t<\/div>\n\t\t\t<\/div>\n\t\t\t\t\t<\/div>","protected":false},"excerpt":{"rendered":"<p>Experi\u00eancias emocionantes no mar dos A\u00e7ores AVENTURE-SE NA NATUREZA Sabia que os A\u00e7ores s\u00e3o considerados um dos maiores santu\u00e1rios de cet\u00e1ceos do mundo? Durante todo o ano, pelo nosso mar, \u00e9 poss\u00edvel avistar cerca de 27 esp\u00e9cies de animais diferentes. &hellip; <a href=\"https:\/\/picosdeaventura.com\/en\/tour\/pesca-desportiva\/\">Read More<\/a><\/p>","protected":false},"author":1,"featured_media":168,"parent":0,"menu_order":2,"comment_status":"closed","ping_status":"closed","template":"","meta":{"_monsterinsights_skip_tracking":false,"_monsterinsights_sitenote_active":false,"_monsterinsights_sitenote_note":"","_monsterinsights_sitenote_category":0,"footnotes":""},"class_list":["post-571","page","type-page","status-publish","has-post-thumbnail","hentry"],"_links":{"self":[{"href":"https:\/\/picosdeaventura.com\/en\/wp-json\/wp\/v2\/pages\/571","targetHints":{"allow":["GET"]}}],"collection":[{"href":"https:\/\/picosdeaventura.com\/en\/wp-json\/wp\/v2\/pages"}],"about":[{"href":"https:\/\/picosdeaventura.com\/en\/wp-json\/wp\/v2\/types\/page"}],"author":[{"embeddable":true,"href":"https:\/\/picosdeaventura.com\/en\/wp-json\/wp\/v2\/users\/1"}],"replies":[{"embeddable":true,"href":"https:\/\/picosdeaventura.com\/en\/wp-json\/wp\/v2\/comments?post=571"}],"version-history":[{"count":133,"href":"https:\/\/picosdeaventura.com\/en\/wp-json\/wp\/v2\/pages\/571\/revisions"}],"predecessor-version":[{"id":3714,"href":"https:\/\/picosdeaventura.com\/en\/wp-json\/wp\/v2\/pages\/571\/revisions\/3714"}],"wp:featuredmedia":[{"embeddable":true,"href":"https:\/\/picosdeaventura.com\/en\/wp-json\/wp\/v2\/media\/168"}],"wp:attachment":[{"href":"https:\/\/picosdeaventura.com\/en\/wp-json\/wp\/v2\/media?parent=571"}],"curies":[{"name":"wp","href":"https:\/\/api.w.org\/{rel}","templated":true}]}}